{"id":7167,"date":"2023-02-04T11:21:47","date_gmt":"2023-02-04T10:21:47","guid":{"rendered":"https:\/\/www.darwins-daughter.com\/produkt\/dolores-doll-dress\/"},"modified":"2023-02-04T11:21:47","modified_gmt":"2023-02-04T10:21:47","slug":"dolores-doll-dress","status":"publish","type":"product","link":"https:\/\/www.darwins-daughter.com\/en\/produkt\/dolores-doll-dress\/","title":{"rendered":"Dolores Doll Dress"},"content":{"rendered":"","protected":false},"excerpt":{"rendered":"<p>Always cute, cheerful polkadots in rockabilly style! Dunkelblaues Fifties-Kleid &#8220;Dolores Doll Dress Polka Blue&#8221; von Collectif mit wei\u00dfen Polkadots. Der tolle Schnitt mit leichtem V-Ausschnitt, Puff\u00e4rmeln, weit schwingendem Rock und schmaler Taille schmeichelt jeder Figur und sieht in allen Gr\u00f6\u00dfen klasse aus. Die \u00c4rmel k\u00f6nnen \u00fcber die Schulter hochgezogen oder f\u00fcr einen Carmen-Look tiefer getragen werden. Sch\u00f6ne Raffung und Zierkn\u00f6pfe am Ausschnitt f\u00fcr ein tolles Dekollet\u00e9, Rei\u00dfverschluss hinten. Ein perfektes Petticoatkleid, das aber auch &#8220;ohne&#8221; toll aussieht. Attention, the blue is really very dark, so a dark navy blue.<br \/>\nThe dress runs normal, if you prefer a very tight, pinup fit, you should choose one size smaller.<\/p>\n<p>Measurement chart from Collectif &#8211; all measurements in cm<\/p>\n<p>\tXS\/UK 8\/34 S\/UK 10\/36 M\/UK 12\/38 L\/UK 14\/40 XL\/UK 16\/42 2XL\/UK 18\/44 3XL\/UK 20\/46 4XL\/UK 22\/48<br \/>\nChest 86-91 91-96 96-101 101-106 106-111 111-116 116-121 122-127<\/p>\n","protected":false},"featured_media":7166,"template":"","meta":[],"product_cat":[370,386],"product_tag":[],"class_list":{"0":"post-7167","1":"product","2":"type-product","3":"status-publish","4":"has-post-thumbnail","6":"product_cat-all-products","7":"product_cat-fashion-accessories","8":"product_shipping_class-weight-up-to-3-kg","10":"first","11":"outofstock","12":"featured","13":"taxable","14":"shipping-taxable","15":"purchasable","16":"product-type-variable","17":"layout-style-1","18":"col-md-4 col-sm-4 col-xs-6","19":"col-lg-4","20":"product-style-addtocart"},"_links":{"self":[{"href":"https:\/\/www.darwins-daughter.com\/en\/wp-json\/wp\/v2\/product\/7167","targetHints":{"allow":["GET"]}}],"collection":[{"href":"https:\/\/www.darwins-daughter.com\/en\/wp-json\/wp\/v2\/product"}],"about":[{"href":"https:\/\/www.darwins-daughter.com\/en\/wp-json\/wp\/v2\/types\/product"}],"wp:featuredmedia":[{"embeddable":true,"href":"https:\/\/www.darwins-daughter.com\/en\/wp-json\/wp\/v2\/media\/7166"}],"wp:attachment":[{"href":"https:\/\/www.darwins-daughter.com\/en\/wp-json\/wp\/v2\/media?parent=7167"}],"wp:term":[{"taxonomy":"product_cat","embeddable":true,"href":"https:\/\/www.darwins-daughter.com\/en\/wp-json\/wp\/v2\/product_cat?post=7167"},{"taxonomy":"product_tag","embeddable":true,"href":"https:\/\/www.darwins-daughter.com\/en\/wp-json\/wp\/v2\/product_tag?post=7167"}],"curies":[{"name":"wp","href":"https:\/\/api.w.org\/{rel}","templated":true}]}}